{"id":3254,"date":"2023-10-18T10:50:29","date_gmt":"2023-10-18T08:50:29","guid":{"rendered":"https:\/\/whitehousedevelopment.com\/veelgestelde-vragen\/"},"modified":"2024-09-25T13:40:14","modified_gmt":"2024-09-25T11:40:14","slug":"white-house-asset-management","status":"publish","type":"page","link":"https:\/\/whitehousedevelopment.com\/en\/white-house-asset-management\/","title":{"rendered":"White House Asset Management"},"content":{"rendered":"<div class=\"wpb-content-wrapper\">[vc_row][vc_column width=&#8221;5\/6&#8243;][vc_empty_space][vc_column_text css=&#8221;.vc_custom_1720607750826{margin-bottom: 0px !important;}&#8221;]\n<h1>White House Asset Management<\/h1>\n<p><strong>Welcome to the White House Asset Management tenant page. Here you can find answers to your questions or report a repair request. You have received a username and password from us by email with which you can log in below.<\/strong><\/p>\n<p>Do you have a repair request or would you like to report a malfunction or emergency? You can arrange all this in the tenant portal.<\/p>\n<p>For urgent disruptions and calamities (fire, water, burglary and storm damage, etc.), we request that you first contact the appropriate emergency service and then contact our office by telephone. Between 8:30 a.m. and 5:00 p.m. we can be reached on the following number: 0182-221014. Outside office hours, we ask you to report this in our tenant portal.<\/p>\n<p>Always check our demarcation list to see whether the desired repair will be borne by your landlord or whether you are responsible yourself.[\/vc_column_text][vc_empty_space][\/vc_column][\/vc_row][vc_row equal_columns=&#8221;true&#8221; column_padding=&#8221;2&#8243; disable_element=&#8221;yes&#8221; css=&#8221;.vc_custom_1713347766303{border-top-width: 1px !important;border-bottom-width: 1px !important;border-top-color: #000000 !important;border-bottom-color: #000000 !important;}&#8221;][vc_column width=&#8221;1\/3&#8243;][vc_empty_space][vc_column_text align=&#8221;center&#8221; css=&#8221;.vc_custom_1712559805969{margin-bottom: 0px !important;}&#8221;]\n<h2>Q&amp;A<\/h2>\n[\/vc_column_text][vc_single_image image=&#8221;3408&#8243; img_size=&#8221;400&#215;400&#8243; alignment=&#8221;center&#8221;][\/vc_column][vc_column width=&#8221;1\/3&#8243; css=&#8221;.vc_custom_1712576982038{background-color: #f2f2f2 !important;}&#8221;][vc_empty_space css=&#8221;.vc_custom_1708510590264{border-top-width: 1px !important;border-right-width: 1px !important;border-bottom-width: 1px !important;border-left-width: 1px !important;border-left-color: #efefef !important;border-right-color: #efefef !important;border-top-color: #efefef !important;border-bottom-color: #efefef !important;border-radius: 1px !important;}&#8221;][vc_column_text align=&#8221;center&#8221; css=&#8221;.vc_custom_1708513970192{margin-bottom: 0px !important;}&#8221;]\n<h2>Onderhoudwijzer<\/h2>\n[\/vc_column_text][vc_single_image image=&#8221;3405&#8243; img_size=&#8221;400&#215;400&#8243; alignment=&#8221;center&#8221;][\/vc_column][vc_column width=&#8221;1\/3&#8243;][vc_empty_space][vc_column_text align=&#8221;center&#8221; css=&#8221;.vc_custom_1708508938842{margin-bottom: 0px !important;}&#8221;]\n<h2>Melding maken<\/h2>\n[\/vc_column_text][vc_single_image image=&#8221;3326&#8243; img_size=&#8221;400&#215;400&#8243; alignment=&#8221;center&#8221;][\/vc_column][\/vc_row][vc_row fullwidth=&#8221;true&#8221; fullwidth_content=&#8221;false&#8221; disable_element=&#8221;yes&#8221; bg_type=&#8221;bg_color&#8221; css=&#8221;.vc_custom_1716977106202{padding-right: 2rem !important;padding-left: 2rem !important;}&#8221; bg_color_value=&#8221;#228147&#8243;][vc_column][vc_empty_space][vc_column_text css=&#8221;.vc_custom_1713347684916{margin-bottom: 0px !important;}&#8221;]\n<h2><span style=\"color: #ffffff;\">FAQ&#8217;s over storingen, onderhoud en bestellingen<\/span><\/h2>\n[\/vc_column_text][vc_empty_space][vc_tta_tour style=&#8221;flat&#8221; shape=&#8221;square&#8221; color=&#8221;white&#8221; spacing=&#8221;15&#8243; gap=&#8221;10&#8243; active_section=&#8221;1&#8243;][vc_tta_section i_icon_fontawesome=&#8221;fas fa-caret-right&#8221; add_icon=&#8221;true&#8221; title=&#8221;<b>Ik heb een spoedmelding buiten kantooruren, wat moet ik doen?<\/b>&#8221; tab_id=&#8221;1695306934614-13bbb3e6-145b&#8221;][vc_column_text css=&#8221;.vc_custom_1713348043986{margin-bottom: 0px !important;}&#8221;]\n<p style=\"font-weight: 400;\">Als dit het geval is dient u te allen tijde telefonisch contact op te nemen met ons kantoor via 0252- 240746, waarna u in het keuzemenu voor optie 1 kiest.<\/p>\n<p style=\"font-weight: 400;\">Hierna wordt u doorverbonden naar onze meldkamer, die de benodigde acties kan uitzetten. Niet urgente meldingingen kunt u melden via het Huurdersportaal.<\/p>\n[\/vc_column_text][\/vc_tta_section][vc_tta_section i_icon_fontawesome=&#8221;fas fa-caret-right&#8221; add_icon=&#8221;true&#8221; title=&#8221;<b>Welk onderhoud dien ik zelf uit te voeren?<\/b>&#8221; tab_id=&#8221;1695306934638-e18e4eb0-99de&#8221;][vc_column_text css=&#8221;.vc_custom_1713348066807{margin-bottom: 0px !important;}&#8221;]\n<p style=\"font-weight: 400;\">Als huurder bent u verantwoordelijk voor klein onderhoud. U kunt hiervoor het \u201cOverzicht kleine herstellingen&#8217; raadplegen.<\/p>\n<p style=\"font-weight: 400;\">Schade die door vandalisme, nalatigheid of verkeerd gebruik is ontstaan aan eigendommen van Brookland zijn altijd voor rekening van huurder.<\/p>\n[\/vc_column_text][\/vc_tta_section][vc_tta_section i_icon_fontawesome=&#8221;fas fa-caret-right&#8221; add_icon=&#8221;true&#8221; title=&#8221;<b>Wat kan ik doen wanneer de afvoer van de douche\/wasbak verstopt is?<\/b>&#8221; tab_id=&#8221;1697186731373-e1ec505f-2132&#8243;][vc_column_text css=&#8221;.vc_custom_1697186776314{margin-bottom: 0px !important;}&#8221;]Het ontstoppen van de afvoer van het binnenriool (tot het gemeenschappelijk riool) betreft een kleine herstelling en dient dus door u als huurder verholpen te worden. U kunt op de volgende manieren de afvoer zelf ontstoppen:<\/p>\n<p>\u2022 Verwijder regelmatig haren\/vuil uit het doucheputje\/drain, de filter en de sifon\/zwanenhals van de wasbak. Controleer dit als eerst bij een verstopping<br \/>\n\u2022 Gebruik een rubberen ontstopper of ontstoppingsveer<br \/>\n\u2022 Indien dit niet afdoende is kunt u de verstopping middels ontstoppingsmiddel trachten te verhelpen<\/p>\n<p>Houdt de verstopping aan? Dan lijkt het probleem zich verder in de afvoerleiding te bevinden. U kunt nu Brookland inschakelen, waarna wij een loodgieter zullen aansturen. Let op: indien blijkt dat de verstopping toch is veroorzaakt door vervuiling in het eerste gedeelte van de afvoer, zullen wij genoodzaakt zijn de gemaakte kosten bij u in rekening te brengen.[\/vc_column_text][\/vc_tta_section][vc_tta_section i_icon_fontawesome=&#8221;fas fa-caret-right&#8221; add_icon=&#8221;true&#8221; title=&#8221;<b>Ik heb geen warm water en\/of verwarming in de woning, wat nu?<\/b>&#8221; tab_id=&#8221;1697186778400-3d35165c-68ab&#8221;][vc_column_text css=&#8221;.vc_custom_1697186823058{margin-bottom: 0px !important;}&#8221;]Indien u geen warm water in de woning heeft, of de verwarming werkt niet dient u &#8211; alvorens Brookland in te schakelen- het volgende na te gaan:<\/p>\n<p>\u2022 Controleer allereerst of de CV-ketel in storing staat, indien dit het geval is kunt u deze resetten (gebruik hiervoor de handleiding)<br \/>\n\u2022 Indien de CV ketel in storing staat kunt u op de storingstabel in de handleiding kijken en de bijbehorende instructies volgen<br \/>\n\u2022 Controleer of er voldoende druk staat op de CV ketel (meestal tussen de 1,5 en 2 bar). Het kan zijn dat de ketel bijgevuld dient te worden.<\/p>\n<p>Elke CV-ketel is anders; kijk voor uw type ketel in de handleiding of op het internet voor een instructie van het bijvullen van uw ketel. Indien de problemen hiermee niet verholpen zijn zal Brookland een warmte-installateur inschakelen.[\/vc_column_text][\/vc_tta_section][vc_tta_section i_icon_fontawesome=&#8221;fas fa-caret-right&#8221; add_icon=&#8221;true&#8221; title=&#8221;<b>Ik wil graag een nieuwe sleutel laten bijmaken, hoe gaat dit in zijn werk?<\/b>&#8221; tab_id=&#8221;1697186824402-34c88e72-9a93&#8243;][vc_column_text css=&#8221;.vc_custom_1697624215340{margin-bottom: 0px !important;}&#8221;]Alle toegangssleutels dient u via Brookland bij te bestellen. Voor het bijbestellen van sleutels dient u het formulier &#8216;Sleutelverklaring huurwoningen&#8217; ingevuld toe te sturen. Na ontvangst van het formulier zullen wij de betreffende sleutel(s) bestellen.<\/p>\n<p>De kosten voor het bij bestellen van sleutels vallen onder \u2018kleine herstellingen\u2019 en zijn hiermee altijd voor rekening van de huurder. Wij zullen vooraf de kosten voor het bijmaken van de betreffende sleutel(s) opgeven. Houdt u rekening met een levertijd van 1 tot 3 weken.<\/p>\n<p>Een deel van de stroom in mijn woning is uitgevallen, wat kan ik doen?<\/p>\n<p>Bij gedeeltelijke stroomuitval kunt u de volgende stappen doorlopen:<\/p>\n<p>1. Schakel alle groepen uit via de schakelaars (dit kan in \u00e9\u00e9n keer via de aardlekschakelaar).<\/p>\n<p>2. Schakel de aardlekschakelaar weer in. Als dit niet lukt dan kan de aardlekschakelaar defect zijn. Bel in dit geval Brookland;<\/p>\n<p>3. Haal alle stekkers uit de stopcontacten wanneer u de aardlekschakelaar weer aan heeft gezet.<\/p>\n<p>4. Schakel nu alle groepen \u00e9\u00e9n voor \u00e9\u00e9n weer in. Als nu de aardlekschakelaar ingeschakeld blijft, dan weet je dat het probleem niet in de installatie zit, maar waarschijnlijk via \u00e9\u00e9n van de apparaten ontstaat.<\/p>\n<p>5. Doe alle stekkers van de apparaten er \u00e9\u00e9n voor \u00e9\u00e9n in, het liefst per groep, totdat de aardlekschakelaar er weer uit springt. U heeft nu hoogstwaarschijnlijk de veroorzaker van de storing gevonden.<\/p>\n<p>Ga bij een stroomstoring nooit zelf met gereedschap aan de slag in de meterkast. Schakel Brookland in bij twijfel.[\/vc_column_text][\/vc_tta_section][vc_tta_section i_icon_fontawesome=&#8221;fas fa-caret-right&#8221; add_icon=&#8221;true&#8221; title=&#8221;<b>Ik wil een aanpassing aan mijn woning doen, mag dit?<\/b>&#8221; tab_id=&#8221;1697186861718-4525116f-0d31&#8243;][vc_column_text css=&#8221;.vc_custom_1697186904756{margin-bottom: 0px !important;}&#8221;]Volgens uw huurovereenkomst en in het bijzonder hoofdstuk 4 van de Algemene Bepalingen die hierbij horen is dit toegestaan, mits u dit bij het be\u00ebindigen van de huurovereenkomst zonder schade weer kunt terugbrengen naar de oude situatie. Een wand van een andere kleur voorzien is bijvoorbeeld toegestaan, mits u de wanden bij het be\u00ebindigen van de huur weer wit (RAL9010) achterlaat.<\/p>\n<p>Wilt u een aanpassing doen die niet zonder schade aan het einde van de huurperiode weer terug te draaien is? Dan heeft u hiervoor toestemming van ons nodig. Als dit het geval is, of als u twijfelt of u toestemming nodig heeft voor een aanpassing, neemt u dan contact op met Brookland.[\/vc_column_text][\/vc_tta_section][\/vc_tta_tour][vc_empty_space][\/vc_column][\/vc_row][vc_row][vc_column][vc_empty_space height=&#8221;64px&#8221;][\/vc_column][\/vc_row][vc_row fullwidth=&#8221;true&#8221; equal_columns=&#8221;true&#8221; css=&#8221;.vc_custom_1720792502196{margin-top: 2rem !important;margin-bottom: 5rem !important;padding-right: 2rem !important;padding-left: 2rem !important;}&#8221; el_class=&#8221;blokken-homepagina&#8221;][vc_column width=&#8221;1\/3&#8243;][mk_custom_box padding_vertical=&#8221;0&#8243; padding_horizental=&#8221;0&#8243; min_height=&#8221;650&#8243; bg_image=&#8221;https:\/\/whitehousedevelopment.com\/wp-content\/uploads\/2024\/04\/afbeelding-5.jpeg&#8221; bg_stretch=&#8221;true&#8221;][vc_column_text align=&#8221;center&#8221; el_class=&#8221;tekst-wit&#8221; css=&#8221;.vc_custom_1727264318534{margin-bottom: 0px !important;padding-top: 80px !important;padding-right: 10px !important;padding-bottom: 20px !important;padding-left: 10px !important;}&#8221;]\n<h2>Frequently Asked Questions<\/h2>\n[\/vc_column_text][vc_single_image image=&#8221;1780&#8243; img_size=&#8221;200&#215;150&#8243; alignment=&#8221;center&#8221;][vc_column_text align=&#8221;center&#8221; el_class=&#8221;tekst-wit&#8221; css=&#8221;.vc_custom_1727264251725{margin-bottom: 0px !important;padding-top: 20px !important;padding-right: 20px !important;padding-bottom: 20px !important;padding-left: 20px !important;}&#8221;]FAQs about breakdowns, maintenance<br \/>\nand rental agreements.<br \/>\nRead our frequently asked questions.[\/vc_column_text][vc_row_inner][vc_column_inner][mk_button dimension=&#8221;flat&#8221; size=&#8221;large&#8221; url=&#8221;https:\/\/whitehousedevelopment.com\/wp-content\/uploads\/2024\/09\/faq-engels-whd-2024.pdf&#8221; target=&#8221;_blank&#8221; align=&#8221;center&#8221; margin_bottom=&#8221;35&#8243; bg_color=&#8221;#228147&#8243;]Read FAQ[\/mk_button][\/vc_column_inner][\/vc_row_inner][\/mk_custom_box][\/vc_column][vc_column width=&#8221;1\/3&#8243;][mk_custom_box padding_vertical=&#8221;0&#8243; padding_horizental=&#8221;0&#8243; min_height=&#8221;650&#8243; bg_image=&#8221;https:\/\/whitehousedevelopment.com\/wp-content\/uploads\/2024\/07\/onderhoudswijzer.jpg&#8221; bg_stretch=&#8221;true&#8221;][vc_column_text align=&#8221;center&#8221; el_class=&#8221;tekst-wit&#8221; css=&#8221;.vc_custom_1727264331725{margin-bottom: 0px !important;padding-top: 80px !important;padding-right: 10px !important;padding-bottom: 20px !important;padding-left: 10px !important;}&#8221;]\n<h2>Maintenance Guide<\/h2>\n[\/vc_column_text][vc_single_image image=&#8221;1780&#8243; img_size=&#8221;200&#215;150&#8243; alignment=&#8221;center&#8221;][vc_column_text align=&#8221;center&#8221; el_class=&#8221;tekst-wit&#8221; css=&#8221;.vc_custom_1727264263746{margin-bottom: 0px !important;padding-top: 20px !important;padding-right: 20px !important;padding-bottom: 20px !important;padding-left: 20px !important;}&#8221;]Who is responsible for which maintenance?<br \/>\nWe recorded this in the maintenance Guide.<br \/>\nView the list via the button below.[\/vc_column_text][vc_row_inner][vc_column_inner width=&#8221;1\/2&#8243;][mk_button dimension=&#8221;flat&#8221; size=&#8221;large&#8221; url=&#8221;https:\/\/www.rijksoverheid.nl\/onderwerpen\/woning-huren\/vraag-en-antwoord\/welke-kosten-zijn-voor-de-huurder-en-welke-voor-de-verhuurder&#8221; target=&#8221;_blank&#8221; align=&#8221;center&#8221; margin_bottom=&#8221;35&#8243; bg_color=&#8221;#228147&#8243;]Residential[\/mk_button][\/vc_column_inner][vc_column_inner width=&#8221;1\/2&#8243;][mk_button dimension=&#8221;flat&#8221; size=&#8221;large&#8221; url=&#8221;https:\/\/whitehousedevelopment.com\/wp-content\/uploads\/2024\/07\/demarcatielijst-kantoor-bedrijfsruimte-whd.pdf&#8221; target=&#8221;_blank&#8221; align=&#8221;center&#8221; margin_bottom=&#8221;35&#8243; bg_color=&#8221;#228147&#8243;]Commercial[\/mk_button][\/vc_column_inner][\/vc_row_inner][\/mk_custom_box][\/vc_column][vc_column width=&#8221;1\/3&#8243;][mk_custom_box padding_vertical=&#8221;0&#8243; padding_horizental=&#8221;0&#8243; min_height=&#8221;650&#8243; bg_image=&#8221;https:\/\/whitehousedevelopment.com\/wp-content\/uploads\/2024\/02\/ontwerp-zonder-titel-9.png&#8221; bg_stretch=&#8221;true&#8221;][vc_column_text align=&#8221;center&#8221; el_class=&#8221;tekst-wit&#8221; css=&#8221;.vc_custom_1727264341476{margin-bottom: 0px !important;padding-top: 80px !important;padding-right: 10px !important;padding-bottom: 20px !important;padding-left: 10px !important;}&#8221;]\n<h2>Tenant portal<\/h2>\n[\/vc_column_text][vc_single_image image=&#8221;1780&#8243; img_size=&#8221;200&#215;150&#8243; alignment=&#8221;center&#8221;][vc_column_text align=&#8221;center&#8221; el_class=&#8221;tekst-wit&#8221; css=&#8221;.vc_custom_1727264271157{margin-bottom: 0px !important;padding-top: 20px !important;padding-right: 20px !important;padding-bottom: 20px !important;padding-left: 20px !important;}&#8221;]Access to your personal data?<br \/>\nYou will find all information in the tenant portal.<br \/>\nLog in via the link below.[\/vc_column_text][mk_button dimension=&#8221;flat&#8221; size=&#8221;large&#8221; url=&#8221;https:\/\/whitehouseassetmanagement.bloxs.com\/tenantportal\/home\/&#8221; target=&#8221;_blank&#8221; align=&#8221;center&#8221; margin_bottom=&#8221;35&#8243; bg_color=&#8221;#228147&#8243;]Login[\/mk_button][\/mk_custom_box][\/vc_column][\/vc_row]\n<\/div>","protected":false},"excerpt":{"rendered":"<p>[vc_row][vc_column width=&#8221;5\/6&#8243;][vc_empty_space][vc_column_text css=&#8221;.vc_custom_1720607750826{margin-bottom: 0px !important;}&#8221;] White House Asset Management Welcome to the White House Asset Management tenant page. Here you can find answers to your questions or report a repair request. You have received a username and password from us by email with which you can log in below. Do you have a repair request [&hellip;]<\/p>\n","protected":false},"author":3,"featured_media":0,"parent":0,"menu_order":0,"comment_status":"closed","ping_status":"closed","template":"","meta":{"footnotes":""},"class_list":["post-3254","page","type-page","status-publish","hentry"],"yoast_head":"<!-- This site is optimized with the Yoast SEO plugin v27.5 - https:\/\/yoast.com\/product\/yoast-seo-wordpress\/ -->\n<title>White House Asset Management - White House Development<\/title>\n<meta name=\"description\" content=\"Heeft u als huurder vragen over uw huurcontract, verantwoordelijkheden, storingen, onderhoud en bestellingen? Check onze FAQ&#039;s.\" \/>\n<meta name=\"robots\" content=\"noindex, follow\" \/>\n<meta property=\"og:locale\" content=\"en_US\" \/>\n<meta property=\"og:type\" content=\"article\" \/>\n<meta property=\"og:title\" content=\"White House Asset Management - White House Development\" \/>\n<meta property=\"og:description\" content=\"Heeft u als huurder vragen over uw huurcontract, verantwoordelijkheden, storingen, onderhoud en bestellingen? Check onze FAQ&#039;s.\" \/>\n<meta property=\"og:url\" content=\"https:\/\/whitehousedevelopment.com\/en\/white-house-asset-management\/\" \/>\n<meta property=\"og:site_name\" content=\"White House Development\" \/>\n<meta property=\"article:modified_time\" content=\"2024-09-25T11:40:14+00:00\" \/>\n<meta name=\"twitter:card\" content=\"summary_large_image\" \/>\n<meta name=\"twitter:label1\" content=\"Est. reading time\" \/>\n\t<meta name=\"twitter:data1\" content=\"7 minutes\" \/>\n<script type=\"application\/ld+json\" class=\"yoast-schema-graph\">{\"@context\":\"https:\\\/\\\/schema.org\",\"@graph\":[{\"@type\":\"WebPage\",\"@id\":\"https:\\\/\\\/whitehousedevelopment.com\\\/en\\\/white-house-asset-management\\\/\",\"url\":\"https:\\\/\\\/whitehousedevelopment.com\\\/en\\\/white-house-asset-management\\\/\",\"name\":\"White House Asset Management - White House Development\",\"isPartOf\":{\"@id\":\"https:\\\/\\\/whitehousedevelopment.com\\\/en\\\/#website\"},\"datePublished\":\"2023-10-18T08:50:29+00:00\",\"dateModified\":\"2024-09-25T11:40:14+00:00\",\"description\":\"Heeft u als huurder vragen over uw huurcontract, verantwoordelijkheden, storingen, onderhoud en bestellingen? Check onze FAQ's.\",\"breadcrumb\":{\"@id\":\"https:\\\/\\\/whitehousedevelopment.com\\\/en\\\/white-house-asset-management\\\/#breadcrumb\"},\"inLanguage\":\"en-US\",\"potentialAction\":[{\"@type\":\"ReadAction\",\"target\":[\"https:\\\/\\\/whitehousedevelopment.com\\\/en\\\/white-house-asset-management\\\/\"]}]},{\"@type\":\"BreadcrumbList\",\"@id\":\"https:\\\/\\\/whitehousedevelopment.com\\\/en\\\/white-house-asset-management\\\/#breadcrumb\",\"itemListElement\":[{\"@type\":\"ListItem\",\"position\":1,\"name\":\"Home\",\"item\":\"https:\\\/\\\/whitehousedevelopment.com\\\/en\\\/\"},{\"@type\":\"ListItem\",\"position\":2,\"name\":\"White House Asset Management\"}]},{\"@type\":\"WebSite\",\"@id\":\"https:\\\/\\\/whitehousedevelopment.com\\\/en\\\/#website\",\"url\":\"https:\\\/\\\/whitehousedevelopment.com\\\/en\\\/\",\"name\":\"White House Development\",\"description\":\"WHD\",\"potentialAction\":[{\"@type\":\"SearchAction\",\"target\":{\"@type\":\"EntryPoint\",\"urlTemplate\":\"https:\\\/\\\/whitehousedevelopment.com\\\/en\\\/?s={search_term_string}\"},\"query-input\":{\"@type\":\"PropertyValueSpecification\",\"valueRequired\":true,\"valueName\":\"search_term_string\"}}],\"inLanguage\":\"en-US\"}]}<\/script>\n<!-- \/ Yoast SEO plugin. -->","yoast_head_json":{"title":"White House Asset Management - White House Development","description":"Heeft u als huurder vragen over uw huurcontract, verantwoordelijkheden, storingen, onderhoud en bestellingen? Check onze FAQ's.","robots":{"index":"noindex","follow":"follow"},"og_locale":"en_US","og_type":"article","og_title":"White House Asset Management - White House Development","og_description":"Heeft u als huurder vragen over uw huurcontract, verantwoordelijkheden, storingen, onderhoud en bestellingen? Check onze FAQ's.","og_url":"https:\/\/whitehousedevelopment.com\/en\/white-house-asset-management\/","og_site_name":"White House Development","article_modified_time":"2024-09-25T11:40:14+00:00","twitter_card":"summary_large_image","twitter_misc":{"Est. reading time":"7 minutes"},"schema":{"@context":"https:\/\/schema.org","@graph":[{"@type":"WebPage","@id":"https:\/\/whitehousedevelopment.com\/en\/white-house-asset-management\/","url":"https:\/\/whitehousedevelopment.com\/en\/white-house-asset-management\/","name":"White House Asset Management - White House Development","isPartOf":{"@id":"https:\/\/whitehousedevelopment.com\/en\/#website"},"datePublished":"2023-10-18T08:50:29+00:00","dateModified":"2024-09-25T11:40:14+00:00","description":"Heeft u als huurder vragen over uw huurcontract, verantwoordelijkheden, storingen, onderhoud en bestellingen? Check onze FAQ's.","breadcrumb":{"@id":"https:\/\/whitehousedevelopment.com\/en\/white-house-asset-management\/#breadcrumb"},"inLanguage":"en-US","potentialAction":[{"@type":"ReadAction","target":["https:\/\/whitehousedevelopment.com\/en\/white-house-asset-management\/"]}]},{"@type":"BreadcrumbList","@id":"https:\/\/whitehousedevelopment.com\/en\/white-house-asset-management\/#breadcrumb","itemListElement":[{"@type":"ListItem","position":1,"name":"Home","item":"https:\/\/whitehousedevelopment.com\/en\/"},{"@type":"ListItem","position":2,"name":"White House Asset Management"}]},{"@type":"WebSite","@id":"https:\/\/whitehousedevelopment.com\/en\/#website","url":"https:\/\/whitehousedevelopment.com\/en\/","name":"White House Development","description":"WHD","potentialAction":[{"@type":"SearchAction","target":{"@type":"EntryPoint","urlTemplate":"https:\/\/whitehousedevelopment.com\/en\/?s={search_term_string}"},"query-input":{"@type":"PropertyValueSpecification","valueRequired":true,"valueName":"search_term_string"}}],"inLanguage":"en-US"}]}},"_links":{"self":[{"href":"https:\/\/whitehousedevelopment.com\/en\/wp-json\/wp\/v2\/pages\/3254","targetHints":{"allow":["GET"]}}],"collection":[{"href":"https:\/\/whitehousedevelopment.com\/en\/wp-json\/wp\/v2\/pages"}],"about":[{"href":"https:\/\/whitehousedevelopment.com\/en\/wp-json\/wp\/v2\/types\/page"}],"author":[{"embeddable":true,"href":"https:\/\/whitehousedevelopment.com\/en\/wp-json\/wp\/v2\/users\/3"}],"replies":[{"embeddable":true,"href":"https:\/\/whitehousedevelopment.com\/en\/wp-json\/wp\/v2\/comments?post=3254"}],"version-history":[{"count":31,"href":"https:\/\/whitehousedevelopment.com\/en\/wp-json\/wp\/v2\/pages\/3254\/revisions"}],"predecessor-version":[{"id":3626,"href":"https:\/\/whitehousedevelopment.com\/en\/wp-json\/wp\/v2\/pages\/3254\/revisions\/3626"}],"wp:attachment":[{"href":"https:\/\/whitehousedevelopment.com\/en\/wp-json\/wp\/v2\/media?parent=3254"}],"curies":[{"name":"wp","href":"https:\/\/api.w.org\/{rel}","templated":true}]}}